{"id":34,"date":"2020-07-06T21:02:21","date_gmt":"2020-07-06T21:02:21","guid":{"rendered":"http:\/\/fank.de.com\/?page_id=34"},"modified":"2022-07-20T13:25:14","modified_gmt":"2022-07-20T13:25:14","slug":"leistungen","status":"publish","type":"page","link":"https:\/\/fank.de.com\/?page_id=34","title":{"rendered":"Leistungen"},"content":{"rendered":"\n<div class=\"wp-block-group\"><div class=\"wp-block-group__inner-container is-layout-flow wp-block-group-is-layout-flow\">\n<div class=\"wp-block-group\"><div class=\"wp-block-group__inner-container is-layout-flow wp-block-group-is-layout-flow\">\n<div class=\"wp-block-group\"><div class=\"wp-block-group__inner-container is-layout-flow wp-block-group-is-layout-flow\">\n<p>Beratung zu <strong>Prozessoptimierungen<\/strong> an der Schnittstelle <strong>Produktion<\/strong>, <strong>Logistik<\/strong>, <strong>Vertrieb<\/strong><\/p>\n\n\n\n<p><strong>Projektmanagement<\/strong><\/p>\n\n\n\n<p><strong>Umwelt<\/strong>-, <strong>Arbeitssicherheit<\/strong>-, <strong>Gefahrgut<\/strong>&#8211; und <strong>Qualit\u00e4tsmanagement<\/strong><\/p>\n\n\n\n<p><strong>Genehmigungsverfahren<\/strong> nach BImschG, WHG, KrWG<\/p>\n\n\n\n<p><strong>Schulungen<\/strong><\/p>\n<\/div><\/div>\n<\/div><\/div>\n<\/div><\/div>\n\n\n\n<p><\/p>\n\n\n\n<h2 class=\"wp-block-heading\">Prozessoptimierungen<\/h2>\n\n\n\n<ul class=\"wp-block-list\"><li>Durchf\u00fchrung von Audits und Schwachstellenanalysen<\/li><li>Visiualsierung von Prozessen <\/li><\/ul>\n\n\n\n<p><\/p>\n\n\n\n<h2 class=\"wp-block-heading\">Projektmanagement<\/h2>\n\n\n\n<ul class=\"wp-block-list\"><li>Schnittstellenkoordinierung<\/li><li>Dokumentation<\/li><li>Termin- und Kosten\u00fcberwachung<\/li><li>Betreuung Inbetriebnahme und Abnahme<\/li><li>Beh\u00f6rdenkontakt und Clearing<\/li><\/ul>\n\n\n\n<h2 class=\"wp-block-heading\">Vertrieb &amp; Marketing<\/h2>\n\n\n\n<ul class=\"wp-block-list\"><li>Marktanalysen<\/li><li>Erstellung komplexer Angebote und Vertr\u00e4ge<\/li><\/ul>\n\n\n\n<p><\/p>\n\n\n\n<h2 class=\"wp-block-heading\">Fachkraft f\u00fcr Arbeitssicherheit<\/h2>\n\n\n\n<div class=\"wp-block-group\"><div class=\"wp-block-group__inner-container is-layout-flow wp-block-group-is-layout-flow\">\n<ul class=\"wp-block-list\"><li>Arbeitsplatzbegehung und Schwachstellenanalyse<\/li><li>Erstellung von Betriebsanweisungen<\/li><li>Durchf\u00fchrung von Gef\u00e4hrdungsanalysen<\/li><li>Schulungen<\/li><\/ul>\n<\/div><\/div>\n\n\n\n<h2 class=\"wp-block-heading\">Qualit\u00e4ts- und Umweltmangement<\/h2>\n\n\n\n<ul class=\"wp-block-list\"><li>Aufbau und Pflege von Qualit\u00e4ts- und Umweltmanagmentsystemen nach DIN ISO 9001, 14001  <\/li><li>Erstellung von Verfahrens- und Arbeitsanweisungen<\/li><li>Durchf\u00fchrung von Audits <\/li><li>Schulungen<\/li><\/ul>\n\n\n\n<p><\/p>\n\n\n\n<h2 class=\"wp-block-heading\">Genehmigungsverfahren nach BImschG, WHG, KrWG<\/h2>\n\n\n\n<ul class=\"wp-block-list\"><li>Neugenehmigungen, Erlaubnisse, Anzeigen<\/li><li>\u00c4nderungsgenehmigungen und \u00c4nderungsanzeigen<\/li><li>Gesamtbetreuung vom Erstkontakt bis zur Genehmigung und Umsetzung<\/li><li>Kontakt und Koordination mit Genehmigungs- und Fachbeh\u00f6rden, Gutachtern, internen und externen Fachplanern, ausf\u00fchrenden Firmen<\/li><\/ul>\n\n\n\n<p><\/p>\n\n\n\n<h2 class=\"wp-block-heading\">Gefahrgut<\/h2>\n\n\n\n<ul class=\"wp-block-list\"><li>Externer Gefahrgutbeauftragter f\u00fcr Verkehrstr\u00e4ger LKW, Bahn, Binnenschiff, Seeschiff (ADR, RID, ADN, IMDG)<\/li><li>Erstellung von Verfahrens- und Arbeitsanweisungen<\/li><li>Durchf\u00fchrung von Audits<\/li><li>Schulung beauftragte Personen, sonstige verantwortliche Personen. <\/li><li>Kontakt zu \u00dcberwachungsbeh\u00f6rden und Organen<\/li><\/ul>\n\n\n\n<p><\/p>\n","protected":false},"excerpt":{"rendered":"<p>Beratung zu Prozessoptimierungen an der Schnittstelle Produktion, Logistik, Vertrieb Projektmanagement Umwelt-, Arbeitssicherheit-, Gefahrgut&#8211; und Qualit\u00e4tsmanagement Genehmigungsverfahren nach BImschG, WHG, KrWG Schulungen Prozessoptimierungen Durchf\u00fchrung von Audits und Schwachstellenanalysen Visiualsierung von Prozessen Projektmanagement Schnittstellenkoordinierung Dokumentation Termin- und Kosten\u00fcberwachung Betreuung Inbetriebnahme und Abnahme Beh\u00f6rdenkontakt und Clearing Vertrieb &amp; Marketing Marktanalysen Erstellung komplexer Angebote und Vertr\u00e4ge Fachkraft f\u00fcr Arbeitssicherheit &hellip; <\/p>\n<p class=\"link-more\"><a href=\"https:\/\/fank.de.com\/?page_id=34\" class=\"more-link\"><span class=\"screen-reader-text\">\u201eLeistungen\u201c<\/span> weiterlesen<\/a><\/p>\n","protected":false},"author":1,"featured_media":0,"parent":0,"menu_order":0,"comment_status":"closed","ping_status":"closed","template":"","meta":{"footnotes":""},"class_list":["post-34","page","type-page","status-publish","hentry"],"_links":{"self":[{"href":"https:\/\/fank.de.com\/index.php?rest_route=\/wp\/v2\/pages\/34","targetHints":{"allow":["GET"]}}],"collection":[{"href":"https:\/\/fank.de.com\/index.php?rest_route=\/wp\/v2\/pages"}],"about":[{"href":"https:\/\/fank.de.com\/index.php?rest_route=\/wp\/v2\/types\/page"}],"author":[{"embeddable":true,"href":"https:\/\/fank.de.com\/index.php?rest_route=\/wp\/v2\/users\/1"}],"replies":[{"embeddable":true,"href":"https:\/\/fank.de.com\/index.php?rest_route=%2Fwp%2Fv2%2Fcomments&post=34"}],"version-history":[{"count":12,"href":"https:\/\/fank.de.com\/index.php?rest_route=\/wp\/v2\/pages\/34\/revisions"}],"predecessor-version":[{"id":239,"href":"https:\/\/fank.de.com\/index.php?rest_route=\/wp\/v2\/pages\/34\/revisions\/239"}],"wp:attachment":[{"href":"https:\/\/fank.de.com\/index.php?rest_route=%2Fwp%2Fv2%2Fmedia&parent=34"}],"curies":[{"name":"wp","href":"https:\/\/api.w.org\/{rel}","templated":true}]}}