{"id":32,"date":"2020-07-06T21:02:39","date_gmt":"2020-07-06T21:02:39","guid":{"rendered":"http:\/\/fank.de.com\/?page_id=32"},"modified":"2025-05-05T13:45:20","modified_gmt":"2025-05-05T13:45:20","slug":"vita","status":"publish","type":"page","link":"https:\/\/fank.de.com\/?page_id=32","title":{"rendered":"Vita"},"content":{"rendered":"\n<figure class=\"wp-block-gallery has-nested-images columns-default is-cropped wp-block-gallery-1 is-layout-flex wp-block-gallery-is-layout-flex\">\n<figure class=\"wp-block-image size-large\"><img loading=\"lazy\" decoding=\"async\" width=\"667\" height=\"1000\" data-id=\"9\" src=\"https:\/\/fank.de.com\/wp-content\/uploads\/2020\/06\/AQ7A7419.jpg\" alt=\"\" class=\"wp-image-9\" srcset=\"https:\/\/fank.de.com\/wp-content\/uploads\/2020\/06\/AQ7A7419.jpg 667w, https:\/\/fank.de.com\/wp-content\/uploads\/2020\/06\/AQ7A7419-200x300.jpg 200w\" sizes=\"auto, (max-width: 667px) 100vw, 667px\" \/><\/figure>\n\n\n\n<figure class=\"wp-block-image size-large\"><img loading=\"lazy\" decoding=\"async\" width=\"965\" height=\"1024\" data-id=\"194\" src=\"https:\/\/fank.de.com\/wp-content\/uploads\/2020\/07\/GeorgFank2-965x1024.jpg\" alt=\"Georg Fank\" class=\"wp-image-194\"\/><\/figure>\n\n\n\n<figure class=\"wp-block-image size-large\"><img loading=\"lazy\" decoding=\"async\" width=\"1024\" height=\"802\" data-id=\"195\" src=\"https:\/\/fank.de.com\/wp-content\/uploads\/2020\/07\/Georg-Fank-3-1024x802.jpg\" alt=\"Georg Fank\" class=\"wp-image-195\"\/><\/figure>\n<\/figure>\n\n\n\n<h2 class=\"wp-block-heading\">Ausbildung<\/h2>\n\n\n\n<p>1988 &#8211; 1993 <strong>Studium der Verfahrenstechnik<\/strong>,  Fachhochschule f\u00fcr Technik, Mannheim, Abschluss <strong>Diplom Ingenieur (FH)<\/strong><\/p>\n\n\n\n<p>1983 &#8211; 1987 Ausbildung zum <strong>Modelltischler Fachrichtung Gie\u00dfereimodellbau<\/strong>, Sulzer Pumpen, Bruchsal. Abschluss   Gesellenbrief<\/p>\n\n\n\n<h2 class=\"wp-block-heading\">Berufserfahrungen<\/h2>\n\n\n\n<p>\u00dcber 25 Jahre <strong>operative<\/strong> <strong>Fach- und F\u00fchrungsverantwortung<\/strong> in unterschiedlichen Branchen und Funktionen<\/p>\n\n\n\n<p>2006 &#8211; 2019 <strong>Gesch\u00e4ftsf\u00fchrer<\/strong>, General Manager innerhalb der Rhenus SE sowie der Contargo Gruppe mit den Schwerpunkten Operative Leitung, Vertrieb, Marketing, Technik<\/p>\n\n\n\n<p>2001 &#8211; 2008 <strong>Leitung Qualit\u00e4ts- Sicherheits- und Umweltmanagement <\/strong>bei der Contargo Gruppe. Qualit\u00e4tsmanagmentbeauftragter, Gefahrgutbeauftragter,  Fachkraft f\u00fcr Arbeitssicherheit,  St\u00f6rfallbeauftragter<\/p>\n\n\n\n<p> 1997 &#8211; 2001 <strong>Leitung Qualit\u00e4ts- und Umweltmanagement<\/strong> bei R-Plus Recycling GmbH ( heutige Alba Gruppe). Qualit\u00e4tsmanagmentbeauftragter, EfB Beauftragter, Abfallbeauftragter<\/p>\n\n\n\n<p>1993 &#8211; 2001 <strong>Projekt- und Betriebsingenieur<\/strong> im Bereich Recycling (Elektroaltger\u00e4te, Automative, Metall &amp; Kunststoff) bei Umwelt &amp; Verfahrtenstechnik GmbH, Telwest Recycling GmbH, R-Plus Recycling GmbH ( heutige Alba Gruppe)<\/p>\n\n\n\n<p><\/p>\n\n\n\n<p><\/p>\n\n\n\n<p><\/p>\n\n\n\n<p><\/p>\n","protected":false},"excerpt":{"rendered":"<p>Ausbildung 1988 &#8211; 1993 Studium der Verfahrenstechnik, Fachhochschule f\u00fcr Technik, Mannheim, Abschluss Diplom Ingenieur (FH) 1983 &#8211; 1987 Ausbildung zum Modelltischler Fachrichtung Gie\u00dfereimodellbau, Sulzer Pumpen, Bruchsal. Abschluss Gesellenbrief Berufserfahrungen \u00dcber 25 Jahre operative Fach- und F\u00fchrungsverantwortung in unterschiedlichen Branchen und Funktionen 2006 &#8211; 2019 Gesch\u00e4ftsf\u00fchrer, General Manager innerhalb der Rhenus SE sowie der Contargo Gruppe &hellip; <\/p>\n<p class=\"link-more\"><a href=\"https:\/\/fank.de.com\/?page_id=32\" class=\"more-link\"><span class=\"screen-reader-text\">\u201eVita\u201c<\/span> weiterlesen<\/a><\/p>\n","protected":false},"author":1,"featured_media":0,"parent":0,"menu_order":0,"comment_status":"closed","ping_status":"closed","template":"","meta":{"footnotes":""},"class_list":["post-32","page","type-page","status-publish","hentry"],"_links":{"self":[{"href":"https:\/\/fank.de.com\/index.php?rest_route=\/wp\/v2\/pages\/32","targetHints":{"allow":["GET"]}}],"collection":[{"href":"https:\/\/fank.de.com\/index.php?rest_route=\/wp\/v2\/pages"}],"about":[{"href":"https:\/\/fank.de.com\/index.php?rest_route=\/wp\/v2\/types\/page"}],"author":[{"embeddable":true,"href":"https:\/\/fank.de.com\/index.php?rest_route=\/wp\/v2\/users\/1"}],"replies":[{"embeddable":true,"href":"https:\/\/fank.de.com\/index.php?rest_route=%2Fwp%2Fv2%2Fcomments&post=32"}],"version-history":[{"count":10,"href":"https:\/\/fank.de.com\/index.php?rest_route=\/wp\/v2\/pages\/32\/revisions"}],"predecessor-version":[{"id":243,"href":"https:\/\/fank.de.com\/index.php?rest_route=\/wp\/v2\/pages\/32\/revisions\/243"}],"wp:attachment":[{"href":"https:\/\/fank.de.com\/index.php?rest_route=%2Fwp%2Fv2%2Fmedia&parent=32"}],"curies":[{"name":"wp","href":"https:\/\/api.w.org\/{rel}","templated":true}]}}