{"id":125,"date":"2020-07-06T20:58:32","date_gmt":"2020-07-06T20:58:32","guid":{"rendered":"http:\/\/fank.de.com\/?page_id=125"},"modified":"2022-07-20T13:18:20","modified_gmt":"2022-07-20T13:18:20","slug":"beispiele-referenzen","status":"publish","type":"page","link":"https:\/\/fank.de.com\/?page_id=125","title":{"rendered":"Beispiele \/ Referenzen"},"content":{"rendered":"\n<p>Nachfolgend Beispiele aus der Berufspraxis (angestellt &amp; freiberuflich)<\/p>\n\n\n\n<h1 class=\"has-text-align-center wp-block-heading\">Genehmigungsverfahren nach BImSchG, WHG, KrWG<\/h1>\n\n\n\n<p>Begleitung und Durchf\u00fchrung von Genehmigungsverfahren nach Bundesimmissionsschutzgesetz BImSchG, Wasserhaushaltsgesetz WHG, Kreislaufwirtschaftsabfall KrWG.<\/p>\n\n\n\n<h2 class=\"wp-block-heading\">Branchen<\/h2>\n\n\n\n<ul class=\"wp-block-list\"><li>Recycling<\/li><li>Abfallbehandlungsanlagen<\/li><li>Lager- und Umschlagsanlagen f\u00fcr gef\u00e4hrliche G\u00fcter<\/li><li>Jagd- und Sch\u00fctzenvereine  (Schie\u00dfst\u00e4nde)<\/li><li>weitere auf Anfrage<\/li><\/ul>\n\n\n\n<h2 class=\"wp-block-heading\">Leistungen<\/h2>\n\n\n\n<ul class=\"wp-block-list\"><li>Gesamtbetreuung vom Erstkontakt bis zur Genehmigung und Umsetzung<\/li><li>Abstimmung mit Genehmigungs- und Fachbeh\u00f6rden, Gutachtern, Planern, ausf\u00fchrenden Fachfirmen<\/li><li>Neugenehmigungen<\/li><li>\u00c4nderungsgenehmigungen und \u00c4nderungsanzeigen<\/li><li>Wasserrechtliche Erlaubnisse und Anzeigen<\/li><li>Erstellung und Einreichung von Antragsunterlagen<\/li><li>Auswahl von externen Fachgutachtern (L\u00e4rm, Staub, Naturschutz)<\/li><\/ul>\n\n\n\n<p><\/p>\n\n\n\n<p><\/p>\n\n\n\n<p><\/p>\n\n\n\n<h1 class=\"has-text-align-center wp-block-heading\">Sch\u00fcttgut in Linerbags und Standard ISO Container<\/h1>\n\n\n\n<p>Das neue,  patentierte Be- und Entladeverfahren der Firma Siloadmaxx erm\u00f6glicht es durch Verbesserung der Containerauslastung und Reduzierung der Verpackungsschritte Transport- und Prozesskosten um bis zu 35% einzusparen. Voraussetzung daf\u00fcr ist, der Einsatz von qualifiziertem Personal an beiden Seiten der Lieferkette, sowie eine auf die Anforderung der Kunden anpasste Logistikkette. <a href=\"http:\/\/www.siloadmaxx.de\">http:\/\/www.siloadmaxx.de<\/a><\/p>\n\n\n\n<h2 class=\"wp-block-heading\">Aufgabe<\/h2>\n\n\n\n<p>Aufbau eines neuen Gesch\u00e4ftsbereichs im Bereich internationaler Sch\u00fcttguttransport mit Standard ISO Container.<\/p>\n\n\n\n<h2 class=\"wp-block-heading\">Branchen<\/h2>\n\n\n\n<ul class=\"wp-block-list\"><li>Logistik (Container, Seefracht)<\/li><li>Lebensmittel (Zucker, St\u00e4rke)<\/li><li>Futtermittel<\/li><li>Kunststoff<\/li><li>Chemie (Bauchemie)<\/li><li>Offshore <\/li><\/ul>\n\n\n\n<h2 class=\"wp-block-heading\">Leistungen<\/h2>\n\n\n\n<h3 class=\"wp-block-heading\">Vertrieb \/ Marketing<\/h3>\n\n\n\n<div class=\"wp-block-group\"><div class=\"wp-block-group__inner-container is-layout-flow wp-block-group-is-layout-flow\">\n<ul class=\"wp-block-list\"><li>Marktanalyse international<\/li><li>Marketingplan und Umsetzung (z.B. Photoerstellung, Konzeption Webseite, Fachmessen)<\/li><li>Datenanalyse CRM System<\/li><li>Kalt- und Warmakquise<\/li><li>Erstellung von ma\u00dfgeschneiderten Kundenl\u00f6sungen<\/li><li>Durchf\u00fchrung von Testverladungen<\/li><li>Vertragsverhandlungen bis zum rechtssicheren Abschluss<\/li><\/ul>\n<\/div><\/div>\n\n\n\n<h3 class=\"wp-block-heading\">Projektmanagment<\/h3>\n\n\n\n<ul class=\"wp-block-list\"><li>Technischer &amp; logistischer Leistungseinkauf<\/li><li>Koordination mit technischen und logistischen Partnern<\/li><li>Termin-, Qualit\u00e4ts- und Kosten\u00fcberwachung<\/li><li>Keyaccount Management<\/li><li>Technische Abnahme, Inbetriebnahme<\/li><li>Leistungsabrechnung<\/li><li>Rechtssichere Vertragsausarbeitung ( Kunden &amp; Lieferanten)<\/li><\/ul>\n\n\n\n<h3 class=\"wp-block-heading\">Ingenieurleistungen<\/h3>\n\n\n\n<ul class=\"wp-block-list\"><li>Sch\u00fcttdichtebestimmung<\/li><li>Flie\u00dfverhalten<\/li><li>Bestimmung Luftbedarf zur pneumatischen F\u00f6rderungen<\/li><li>Druckluftbedarfsrechnung und Auslegung<\/li><li>Koordinierung Sicherheitstechnischer Anpassungen (ATEX, Ex- Schutz)<\/li><li>Auswahl Beh\u00e4lterbeschichtungen (Herstellung Leitf\u00e4higkeit)<\/li><li>Stabilit\u00e4tsberechnungen ( Kippchassis)<\/li><li>Statische Berechnungen (Containerumbauten, R\u00fcckwand)<\/li><li>Abstimmung mit Zertifizierungsstellen (z.B. Germanischer Lloyd)<\/li><\/ul>\n\n\n\n<figure class=\"wp-block-gallery columns-3 is-cropped wp-block-gallery-1 is-layout-flex wp-block-gallery-is-layout-flex\"><ul class=\"blocks-gallery-grid\"><li class=\"blocks-gallery-item\"><figure><img loading=\"lazy\" decoding=\"async\" width=\"640\" height=\"480\" src=\"https:\/\/fank.de.com\/wp-content\/uploads\/2020\/07\/Beladung5_Liner-640x480-1.jpg\" alt=\"\" data-id=\"153\" data-full-url=\"https:\/\/fank.de.com\/wp-content\/uploads\/2020\/07\/Beladung5_Liner-640x480-1.jpg\" data-link=\"https:\/\/fank.de.com\/?attachment_id=153\" class=\"wp-image-153\" srcset=\"https:\/\/fank.de.com\/wp-content\/uploads\/2020\/07\/Beladung5_Liner-640x480-1.jpg 640w, https:\/\/fank.de.com\/wp-content\/uploads\/2020\/07\/Beladung5_Liner-640x480-1-300x225.jpg 300w\" sizes=\"auto, (max-width: 640px) 100vw, 640px\" \/><figcaption class=\"blocks-gallery-item__caption\">Linerbag Bef\u00fcllung<\/figcaption><\/figure><\/li><li class=\"blocks-gallery-item\"><figure><img loading=\"lazy\" decoding=\"async\" width=\"768\" height=\"1024\" src=\"https:\/\/fank.de.com\/wp-content\/uploads\/2020\/07\/20180215_124409-768x1024.jpg\" alt=\"\" data-id=\"76\" data-full-url=\"https:\/\/fank.de.com\/wp-content\/uploads\/2020\/07\/20180215_124409-scaled.jpg\" data-link=\"https:\/\/fank.de.com\/?attachment_id=76\" class=\"wp-image-76\" srcset=\"https:\/\/fank.de.com\/wp-content\/uploads\/2020\/07\/20180215_124409-768x1024.jpg 768w, https:\/\/fank.de.com\/wp-content\/uploads\/2020\/07\/20180215_124409-225x300.jpg 225w, https:\/\/fank.de.com\/wp-content\/uploads\/2020\/07\/20180215_124409-1152x1536.jpg 1152w, https:\/\/fank.de.com\/wp-content\/uploads\/2020\/07\/20180215_124409-1536x2048.jpg 1536w, https:\/\/fank.de.com\/wp-content\/uploads\/2020\/07\/20180215_124409-scaled.jpg 1920w\" sizes=\"auto, (max-width: 706px) 89vw, (max-width: 767px) 82vw, 740px\" \/><figcaption class=\"blocks-gallery-item__caption\">Sch\u00fcttgutcontainer<\/figcaption><\/figure><\/li><li class=\"blocks-gallery-item\"><figure><img loading=\"lazy\" decoding=\"async\" width=\"1920\" height=\"2560\" src=\"https:\/\/fank.de.com\/wp-content\/uploads\/2020\/07\/20171016_133228-scaled.jpg\" alt=\"\" data-id=\"77\" data-full-url=\"https:\/\/fank.de.com\/wp-content\/uploads\/2020\/07\/20171016_133228-scaled.jpg\" data-link=\"https:\/\/fank.de.com\/?attachment_id=77\" class=\"wp-image-77\" srcset=\"https:\/\/fank.de.com\/wp-content\/uploads\/2020\/07\/20171016_133228-scaled.jpg 1920w, https:\/\/fank.de.com\/wp-content\/uploads\/2020\/07\/20171016_133228-225x300.jpg 225w, https:\/\/fank.de.com\/wp-content\/uploads\/2020\/07\/20171016_133228-1152x1536.jpg 1152w, https:\/\/fank.de.com\/wp-content\/uploads\/2020\/07\/20171016_133228-1536x2048.jpg 1536w\" sizes=\"auto, (max-width: 706px) 89vw, (max-width: 767px) 82vw, 740px\" \/><figcaption class=\"blocks-gallery-item__caption\">Offshore II<\/figcaption><\/figure><\/li><li class=\"blocks-gallery-item\"><figure><img loading=\"lazy\" decoding=\"async\" width=\"1011\" height=\"1024\" src=\"https:\/\/fank.de.com\/wp-content\/uploads\/2020\/07\/Hafen2-1011x1024.jpg\" alt=\"Ingenieur B\u00fcro Georg Fank\" data-id=\"201\" data-full-url=\"https:\/\/fank.de.com\/wp-content\/uploads\/2020\/07\/Hafen2-scaled-e1594744660544.jpg\" data-link=\"https:\/\/fank.de.com\/?attachment_id=201\" class=\"wp-image-201\"\/><figcaption class=\"blocks-gallery-item__caption\">Offshore III<\/figcaption><\/figure><\/li><li class=\"blocks-gallery-item\"><figure><img loading=\"lazy\" decoding=\"async\" width=\"1500\" height=\"1720\" src=\"https:\/\/fank.de.com\/wp-content\/uploads\/2020\/07\/Container-innen1-scaled-e1594744155919.jpg\" alt=\"Georg Fank Containerbeschichtung ableitf\u00e4hig\" data-id=\"198\" data-full-url=\"https:\/\/fank.de.com\/wp-content\/uploads\/2020\/07\/Container-innen1-scaled-e1594744155919.jpg\" data-link=\"https:\/\/fank.de.com\/?attachment_id=198\" class=\"wp-image-198\"\/><figcaption class=\"blocks-gallery-item__caption\">Ableitf\u00e4hige Innenbeschichtung<\/figcaption><\/figure><\/li><li class=\"blocks-gallery-item\"><figure><img loading=\"lazy\" decoding=\"async\" width=\"592\" height=\"1024\" src=\"https:\/\/fank.de.com\/wp-content\/uploads\/2020\/07\/Containerlager-592x1024.jpg\" alt=\"Containerlager\" data-id=\"192\" data-full-url=\"https:\/\/fank.de.com\/wp-content\/uploads\/2020\/07\/Containerlager-scaled.jpg\" data-link=\"https:\/\/fank.de.com\/?attachment_id=192\" class=\"wp-image-192\" srcset=\"https:\/\/fank.de.com\/wp-content\/uploads\/2020\/07\/Containerlager-592x1024.jpg 592w, https:\/\/fank.de.com\/wp-content\/uploads\/2020\/07\/Containerlager-173x300.jpg 173w, https:\/\/fank.de.com\/wp-content\/uploads\/2020\/07\/Containerlager-768x1329.jpg 768w, https:\/\/fank.de.com\/wp-content\/uploads\/2020\/07\/Containerlager-888x1536.jpg 888w, https:\/\/fank.de.com\/wp-content\/uploads\/2020\/07\/Containerlager-1183x2048.jpg 1183w, https:\/\/fank.de.com\/wp-content\/uploads\/2020\/07\/Containerlager-scaled.jpg 1479w\" sizes=\"auto, (max-width: 592px) 100vw, 592px\" \/><figcaption class=\"blocks-gallery-item__caption\">Containerlager<\/figcaption><\/figure><\/li><li class=\"blocks-gallery-item\"><figure><img loading=\"lazy\" decoding=\"async\" width=\"768\" height=\"1024\" src=\"https:\/\/fank.de.com\/wp-content\/uploads\/2020\/07\/20170725_151303-768x1024.jpg\" alt=\"\" data-id=\"81\" data-full-url=\"https:\/\/fank.de.com\/wp-content\/uploads\/2020\/07\/20170725_151303-scaled-e1594107801837.jpg\" data-link=\"https:\/\/fank.de.com\/?attachment_id=81\" class=\"wp-image-81\"\/><figcaption class=\"blocks-gallery-item__caption\">Siloanlage<\/figcaption><\/figure><\/li><li class=\"blocks-gallery-item\"><figure><img loading=\"lazy\" decoding=\"async\" width=\"1024\" height=\"538\" src=\"https:\/\/fank.de.com\/wp-content\/uploads\/2020\/07\/Stability-1024x538.jpg\" alt=\"\" data-id=\"160\" data-full-url=\"https:\/\/fank.de.com\/wp-content\/uploads\/2020\/07\/Stability-e1594109083417.jpg\" data-link=\"https:\/\/fank.de.com\/?attachment_id=160\" class=\"wp-image-160\"\/><figcaption class=\"blocks-gallery-item__caption\">Kippmomentberechnung<\/figcaption><\/figure><\/li><\/ul><\/figure>\n\n\n\n<div class=\"wp-block-group\"><div class=\"wp-block-group__inner-container is-layout-flow wp-block-group-is-layout-flow\">\n<p><\/p>\n<\/div><\/div>\n\n\n\n<h1 class=\"has-text-align-center wp-block-heading\">Qualit\u00e4tsmanagement  in der Elektronikfertigung (embedded)<\/h1>\n\n\n\n<p>Der Kunde entwickelt individuelle Hard- und Softwarel\u00f6sungen f\u00fcr den Digitalrundfunk und die Vermessungstechnik.   Dabei werden Entwicklung, Fertigung, Pr\u00fcfung sowie der Aftersales Service bisher im eigenen Haus durchgef\u00fchrt. Im Rahmen einer Neustrukturierung sollen insbesondere Montage-,  Pr\u00fcf- und Serviceaufgaben verst\u00e4rkt durch externe Partner \u00fcbernommen werden. <a href=\"http:\/\/www.qbit.de\">http:\/\/www.qbit.de<\/a><\/p>\n\n\n\n<h2 class=\"wp-block-heading\">Aufgabe<\/h2>\n\n\n\n<p>Umstellung  auf externe Montage und Service<\/p>\n\n\n\n<h2 class=\"wp-block-heading\">Branchen<\/h2>\n\n\n\n<ul class=\"wp-block-list\"><li>Elektrotechnik ( embedded) <\/li><li>Vermessungstechnik (Tunnelbau)<\/li><\/ul>\n\n\n\n<h2 class=\"wp-block-heading\"> Leistungen<\/h2>\n\n\n\n<ul class=\"wp-block-list\"><li>Analyse der Prozessabl\u00e4ufe<\/li><li>Dokumentation (z.B. Photos)<\/li><li>Standardisierung Prozesse <\/li><li>Erstellung von Montage- Service und Pr\u00fcfanleitungen <\/li><li>Erstellung von Pr\u00fcflisten <\/li><li>Einarbeitung und Abstimmung mit externen Partnern <\/li><li><strong>K<\/strong>ontinuierlicher <strong>V<\/strong>erbesserungs <strong>P<\/strong>rozess<\/li><\/ul>\n\n\n\n<figure class=\"wp-block-gallery columns-3 is-cropped wp-block-gallery-2 is-layout-flex wp-block-gallery-is-layout-flex\"><ul class=\"blocks-gallery-grid\"><li class=\"blocks-gallery-item\"><figure><img loading=\"lazy\" decoding=\"async\" width=\"263\" height=\"219\" src=\"https:\/\/fank.de.com\/wp-content\/uploads\/2020\/07\/Inklinometer7.jpg\" alt=\"\" data-id=\"175\" data-full-url=\"https:\/\/fank.de.com\/wp-content\/uploads\/2020\/07\/Inklinometer7.jpg\" data-link=\"https:\/\/fank.de.com\/?attachment_id=175\" class=\"wp-image-175\"\/><figcaption class=\"blocks-gallery-item__caption\">Inklinometer Pr\u00fcfung<\/figcaption><\/figure><\/li><li class=\"blocks-gallery-item\"><figure><img loading=\"lazy\" decoding=\"async\" width=\"1015\" height=\"1024\" src=\"https:\/\/fank.de.com\/wp-content\/uploads\/2020\/07\/Qbit3-1015x1024.jpg\" alt=\"Georg Fank Ingenieurb\u00fcro Qbit Prismenklappe\" data-id=\"189\" data-full-url=\"https:\/\/fank.de.com\/wp-content\/uploads\/2020\/07\/Qbit3-scaled-e1594743773754.jpg\" data-link=\"https:\/\/fank.de.com\/?attachment_id=189\" class=\"wp-image-189\"\/><figcaption class=\"blocks-gallery-item__caption\">Klappprisma<\/figcaption><\/figure><\/li><li class=\"blocks-gallery-item\"><figure><img loading=\"lazy\" decoding=\"async\" width=\"1024\" height=\"623\" src=\"https:\/\/fank.de.com\/wp-content\/uploads\/2020\/07\/Qbit2-1024x623.jpg\" alt=\"Ingenieur B\u00fcro Georg Fank Qbit Baugruppe\" data-id=\"188\" data-full-url=\"https:\/\/fank.de.com\/wp-content\/uploads\/2020\/07\/Qbit2-scaled-e1594743717270.jpg\" data-link=\"https:\/\/fank.de.com\/?attachment_id=188\" class=\"wp-image-188\"\/><\/figure><\/li><li class=\"blocks-gallery-item\"><figure><img loading=\"lazy\" decoding=\"async\" width=\"1024\" height=\"643\" src=\"https:\/\/fank.de.com\/wp-content\/uploads\/2020\/07\/Qbit1-1024x643.jpg\" alt=\"Ingenieurb\u00fcro Georg Fank Qbit Klappprisma\" data-id=\"187\" data-full-url=\"https:\/\/fank.de.com\/wp-content\/uploads\/2020\/07\/Qbit1-e1594743643612.jpg\" data-link=\"https:\/\/fank.de.com\/?attachment_id=187\" class=\"wp-image-187\"\/><figcaption class=\"blocks-gallery-item__caption\">Klappprisma Baugruppe<\/figcaption><\/figure><\/li><\/ul><\/figure>\n\n\n\n<p><\/p>\n\n\n\n<p><\/p>\n\n\n\n<figure class=\"wp-block-gallery columns-0 is-cropped wp-block-gallery-3 is-layout-flex wp-block-gallery-is-layout-flex\"><ul class=\"blocks-gallery-grid\"><\/ul><\/figure>\n\n\n\n<p> <\/p>\n","protected":false},"excerpt":{"rendered":"<p>Nachfolgend Beispiele aus der Berufspraxis (angestellt &amp; freiberuflich) Genehmigungsverfahren nach BImSchG, WHG, KrWG Begleitung und Durchf\u00fchrung von Genehmigungsverfahren nach Bundesimmissionsschutzgesetz BImSchG, Wasserhaushaltsgesetz WHG, Kreislaufwirtschaftsabfall KrWG. Branchen Recycling Abfallbehandlungsanlagen Lager- und Umschlagsanlagen f\u00fcr gef\u00e4hrliche G\u00fcter Jagd- und Sch\u00fctzenvereine (Schie\u00dfst\u00e4nde) weitere auf Anfrage Leistungen Gesamtbetreuung vom Erstkontakt bis zur Genehmigung und Umsetzung Abstimmung mit Genehmigungs- und Fachbeh\u00f6rden, &hellip; <\/p>\n<p class=\"link-more\"><a href=\"https:\/\/fank.de.com\/?page_id=125\" class=\"more-link\"><span class=\"screen-reader-text\">\u201eBeispiele \/ Referenzen\u201c<\/span> weiterlesen<\/a><\/p>\n","protected":false},"author":1,"featured_media":0,"parent":0,"menu_order":0,"comment_status":"closed","ping_status":"closed","template":"","meta":{"footnotes":""},"class_list":["post-125","page","type-page","status-publish","hentry"],"_links":{"self":[{"href":"https:\/\/fank.de.com\/index.php?rest_route=\/wp\/v2\/pages\/125","targetHints":{"allow":["GET"]}}],"collection":[{"href":"https:\/\/fank.de.com\/index.php?rest_route=\/wp\/v2\/pages"}],"about":[{"href":"https:\/\/fank.de.com\/index.php?rest_route=\/wp\/v2\/types\/page"}],"author":[{"embeddable":true,"href":"https:\/\/fank.de.com\/index.php?rest_route=\/wp\/v2\/users\/1"}],"replies":[{"embeddable":true,"href":"https:\/\/fank.de.com\/index.php?rest_route=%2Fwp%2Fv2%2Fcomments&post=125"}],"version-history":[{"count":30,"href":"https:\/\/fank.de.com\/index.php?rest_route=\/wp\/v2\/pages\/125\/revisions"}],"predecessor-version":[{"id":237,"href":"https:\/\/fank.de.com\/index.php?rest_route=\/wp\/v2\/pages\/125\/revisions\/237"}],"wp:attachment":[{"href":"https:\/\/fank.de.com\/index.php?rest_route=%2Fwp%2Fv2%2Fmedia&parent=125"}],"curies":[{"name":"wp","href":"https:\/\/api.w.org\/{rel}","templated":true}]}}